{"id":87,"date":"2018-10-18T17:58:10","date_gmt":"2018-10-18T15:58:10","guid":{"rendered":"http:\/\/infieri.online\/DMUF\/?page_id=87"},"modified":"2023-05-12T14:23:54","modified_gmt":"2023-05-12T18:23:54","slug":"rectificateur-cardiaque","status":"publish","type":"page","link":"https:\/\/infieri.online\/DMUF\/rectificateur-cardiaque\/","title":{"rendered":"Rectificateur cardiaque fictif"},"content":{"rendered":"<p><img loading=\"lazy\" decoding=\"async\" class=\"aligncenter wp-image-123\" src=\"http:\/\/infieri.online\/DMUF\/wp-content\/uploads\/2018\/10\/rectif_164px.png\" alt=\"\" width=\"96\" height=\"237\" \/><br \/>\nLe \u00ab rectificateur \u00bb cardiaque est un minuscule implant qui d\u00e9truit les cellules g\u00e9n\u00e9tiquement susceptibles de provoquer une arythmie plus tard. Il transmet des donn\u00e9es \u00e0 un centre o\u00f9 les experts confirment le plan de traitement.<br \/>\nLe dispositif est vendu directement par une entreprise priv\u00e9e \u00e0 des personnes \u00e0 la recherche de conseils de sant\u00e9.<\/p>\n<h2 style=\"clear: both;\">Pr\u00e9sentation vid\u00e9o<\/h2>\n<p><iframe loading=\"lazy\" src=\"https:\/\/player.vimeo.com\/video\/109058925\" width=\"640\" height=\"360\" frameborder=\"0\" allowfullscreen=\"allowfullscreen\"><\/iframe><\/p>\n<h2>Sc\u00e9nario 2030<\/h2>\n<h3>Am\u00e9liorer la sant\u00e9 au travail gr\u00e2ce aux donn\u00e9es g\u00e9n\u00e9tiques ?<\/h3>\n<p><img loading=\"lazy\" decoding=\"async\" class=\"alignleft size-full wp-image-138\" src=\"http:\/\/infieri.online\/DMUF\/wp-content\/uploads\/2018\/10\/medstats.png\" alt=\"\" width=\"150\" height=\"150\" \/>Nous sommes en 2030. Les personnes dont nous parlons dans ce sce\u0301nario redoutent au plus haut point la maladie, son impact, les souffrances qu\u2019elle inflige. Par bonheur pour elles, on peut intervenir bien avant que certaines maladies ne se manifestent, alors qu\u2019elles ne sont encore que des probabilite\u0301s.<\/p>\n<p>En effet, les tests ge\u0301ne\u0301tiques se sont multiplie\u0301s. Ils sont beaucoup plus e\u0301labore\u0301s, allant bien au dela\u0300 du diagnostic pre\u0301natal et des maladies he\u0301re\u0301ditaires. L\u2019interpre\u0301tation de ces tests requie\u0300re une expertise incontournable, celle des conseillers ge\u0301ne\u0301tiques dont le champ d\u2019intervention s\u2019est e\u0301largi.<\/p>\n<h3><strong>Le conseil ge\u0301ne\u0301tique, une science plus globale<\/strong><\/h3>\n<p>Professionnels a\u0300 part entie\u0300re, les conseillers ge\u0301ne\u0301tiques calculent, un peu comme des actuaires, des probabilite\u0301s qui s\u2019e\u0301talent sur toute la vie et qui sont module\u0301es par des facteurs environnementaux.<\/p>\n<p>Comme les psychologues, les conseillers ge\u0301ne\u0301tiques fournissent un soutien et des conseils personnalise\u0301s a\u0300 chaque client. Pour l\u2019aider a\u0300 de\u0301velopper le mieux possible son potentiel ge\u0301ne\u0301tique, tous les volets affectant son bien-e\u0302tre et sa sante\u0301 \u2014 tels que travail, famille, facteurs he\u0301re\u0301ditaires et habitudes de vie \u2014 sont pris en conside\u0301ration.<\/p>\n<p>Les tests ge\u0301ne\u0301tiques indiquent toutefois des probabilite\u0301s, rarement des certitudes. Leurs re\u0301sultats doivent donc e\u0302tre interpre\u0301te\u0301s a\u0300 la lumie\u0300re de leur marge d\u2019erreur respective et du contexte particulier de l\u2019individu.<\/p>\n<p>Forts de cette expertise globale, les conseillers ge\u0301ne\u0301tiques travaillent dans le syste\u0300me de sante\u0301 mais aussi souvent pour des assureurs et des banques qui offrent des services de gestion des \u00ab actifs ge\u0301ne\u0301tiques. \u00bb<\/p>\n<h3><strong>Un employeur a\u0300 l\u2019avant-garde des connaissances !<\/strong><\/h3>\n<p>A\u0300 la suite des recherches sur le ge\u0301nome humain, les connaissances dans le domaine de la sante\u0301 au travail ont beaucoup progresse\u0301. On sait par exemple comment modifier l\u2019environnement imme\u0301diat d\u2019un travailleur pour re\u0301duire sa disposition ge\u0301ne\u0301tique a\u0300 de\u0301velopper des maladies physiques ou mentales.<\/p>\n<p>Cette science n\u2019est pas passe\u0301e inaperc\u0327ue chez Bille inc., une compagnie re\u0301pute\u0301e pour son dynamisme et sa volonte\u0301 de se de\u0301marquer. Elle vient tout juste d\u2019annoncer un projet pilote dans lequel elle s\u2019engage a\u0300 adapter les ta\u0302ches de ses employe\u0301s en fonction de leur profil ge\u0301ne\u0301tique.<\/p>\n<p>On pouvait lire sur le site web de Bille inc.:<\/p>\n<p style=\"font-size: 1.2em; text-align: center; font-family: 'Times New Roman', Times, serif; margin: 20px 50px 20px 50px;\"><i>\u00ab Notre entreprise e\u0301volue dans un univers hautement concurrentiel. La cre\u0301ativite\u0301 et l\u2019aptitude de notre personnel a\u0300 se de\u0301passer constituent la plus grande valeur de notre entreprise qui compte aujourd\u2019hui 10 000 travailleurs localise\u0301s ici et ailleurs dans le monde. Nous les avons forme\u0301s avec soins et nous de\u0301sirons maintenir le plus longtemps possible leur vitalite\u0301 et leur satisfaction au travail.\u00a0<\/i><em>Nous avons recrute\u0301 une e\u0301quipe de conseillers ge\u0301ne\u0301tiques a\u0300 la fine pointe de la science en matie\u0300re de sante\u0301 mentale et physique au travail. Ce projet, d\u2019une dure\u0301e de 5 ans, nous permettra d\u2019e\u0301valuer dans quelle mesure le bien-e\u0302tre et la sante\u0301 de tous nos employe\u0301s auront e\u0301te\u0301 ame\u0301liore\u0301s.<\/em> \u00bb<\/p>\n<p>Bien que les experts reconnaissent que le PBF augmente les effets positifs de la m\u00e9ditation et favorise l\u2019atteinte d\u2019un \u00e9tat de bien-\u00eatre, ils invitent \u00e0 la plus grande vigilance.<\/p>\n<p>Certains syndicats se sont montre\u0301s favorables a\u0300 cette initiative, hautement me\u0301diatise\u0301e :<\/p>\n<p style=\"font-size: 1.2em; text-align: center; font-family: 'Times New Roman', Times, serif; margin: 20px 50px 20px 50px;\"><i>\u00ab Ces dernie\u0300res anne\u0301es, nous avons constate\u0301 des gains de sante\u0301 importants pour les travailleurs qui jouissent d\u2019une plus grande flexibilite\u0301 dans leur ta\u0302che. De tels progre\u0300s tardent toutefois a\u0300 se concre\u0301tiser pour les travailleurs au bas de l\u2019e\u0301chelle. Le projet pilote propose\u0301 par Bille inc. permettra de combler cette lacune. Les employeurs ne pourront plus ignorer comment l\u2019environnement de travail et les facteurs ge\u0301ne\u0301tiques interagissent. \u00bb<\/i><\/p>\n<div style=\"width: 80%; margin-left: auto; margin-right: auto; background-color: lightgrey; padding: 40px;\"><strong>\u00c0 vous de poursuivre !<\/strong><br \/>\nVotre fre\u0300re travaille pour Bille inc. et partage avec vous ses inquie\u0301tudes tout comme ses espoirs. Il vous demande votre opinion.<\/p>\n<ul>\n<li>Pensez-vous que les connaissances dans le domaine de la ge\u0301ne\u0301tique pourraient contribuer a\u0300 ame\u0301liorer la sante\u0301 au travail ?<\/li>\n<li>Quelle est la responsabilite\u0301 des employeurs et des employe\u0301s quant aux probabilite\u0301s de de\u0301velopper ou non des maladies?<\/li>\n<li>Comment les conseillers ge\u0301ne\u0301tiques peuvent-ils servir le bien de la socie\u0301te\u0301 ?<\/li>\n<\/ul>\n<\/div>\n<h2 style=\"margin-top: 50px;\">Sc\u00e9nario 2040<\/h2>\n<h3>Que fera Nathan face \u00e0 ses risques de maladie cardiaque ?<\/h3>\n<p><img loading=\"lazy\" decoding=\"async\" class=\"alignleft size-full wp-image-144\" src=\"http:\/\/infieri.online\/DMUF\/wp-content\/uploads\/2018\/10\/capsule.png\" alt=\"\" width=\"150\" height=\"218\" \/>Nous sommes maintenant en 2040. Nathan a 35 ans. Son employeur fait partie des entreprises qui ont inte\u0301gre\u0301 des conseillers ge\u0301ne\u0301tiques a\u0300 leur e\u0301quipe de gestion des ressources humaines. Des tests ge\u0301ne\u0301tiques se font a\u0300 l\u2019embauche et toute demande de promotion est e\u0301value\u0301e en fonction des actifs ge\u0301ne\u0301tiques de l\u2019employe\u0301.<\/p>\n<p>A\u0300 la suite d\u2019un test, Nathan re\u0301alise qu\u2019il est porteur d\u2019un ge\u0300ne associe\u0301 a\u0300 une forme d\u2019arythmie cardiaque qui se de\u0301clenche apre\u0300s l\u2019a\u0302ge de 50 ans. Ceci compromet son affectation a\u0300 un poste plus exigeant que Nathan espe\u0301rait occuper. Il apprend qu\u2019exe\u0301cuter des ta\u0302ches plus routinie\u0300res serait pre\u0301fe\u0301rable, dans sa condition.<\/p>\n<h3><strong>Le choix de Nathan, he\u0301sitations et re\u0301serves<\/strong><\/h3>\n<p>Nathan ne peut mettre de co\u0302te\u0301 son profond de\u0301sir de gravir les e\u0301chelons professionnels de l\u2019entreprise et de s\u2019investir dans un travail stimulant&#8230; d\u2019autant plus qu\u2019il est pre\u0301sentement en parfaite sante\u0301 ! Et s\u2019il se faisait implanter un rectificateur cardiaque ?<\/p>\n<p>Il a beaucoup lu sur le sujet ! Il a me\u0302me rencontre\u0301 l\u2019infirmie\u0300re de la compagnie TechSante\u0301 qui lui explique\u0301 comment ce dispositif implantable pourrait corriger les cellules cardiaques le rendant susceptible de de\u0301velopper des arythmies plus tard.<\/p>\n<p>Depuis sa visite, Nathan he\u0301site&#8230; Le rectificateur est encore en mode expe\u0301rimental. Sur le site web d\u2019un laboratoire public de recherche, Nathan a lu des mises en garde se\u0301rieuses :<\/p>\n<p style=\"font-size: 1.2em; text-align: center; font-family: 'Times New Roman', Times, serif; margin: 20px 50px 20px 50px;\"><i>\u00ab L\u2019usage des rectificateurs a\u0300 des fins pre\u0301ventives n\u2019est pas encore concluant. En raison du nombre limite\u0301 de patients implante\u0301s et compte tenu de la tre\u0300s grande he\u0301te\u0301roge\u0301ne\u0301ite\u0301 des formes d\u2019arythmie, la marge d\u2019erreur inhe\u0301rente aux algorithmes de de\u0301cision est au moins de 15 p. cent.\u00a0<\/i><em>De plus, l\u2019approbation de mise en marche\u0301 par la voie de la \u00ab filie\u0300re acce\u0301le\u0301re\u0301e \u00bb ne\u0301cessite que le manufacturier transmette aux agences re\u0300glementaires toutes les donne\u0301es relatives aux incidents. Ce que le manufacturier n\u2019a pas encore fait, e\u0301voquant des motifs juridiques.<\/em> \u00bb<\/p>\n<p>Ces informations comple\u0300tent &#8230; et contredisent celles confie\u0301es par TechSante\u0301 !<\/p>\n<h3><strong>Une alternative<\/strong><\/h3>\n<p>Nathan discute de ses he\u0301sitations avec le conseiller ge\u0301ne\u0301tique qui lui est attribue\u0301 depuis son embauche, il y a cinq ans. Il lui fait part d\u2019un sce\u0301nario envisageable\u00a0:<\/p>\n<p style=\"font-size: 1.2em; text-align: center; font-family: 'Times New Roman', Times, serif; margin: 20px 50px 20px 50px;\"><i>\u00ab \u2014 Avez-vous songe\u0301 avoir un deuxie\u0300me enfant ? Vous avez connu des relations familiales positives lorsque vous e\u0301tiez jeune. Et, comme les e\u0301tudes re\u0301centes le de\u0301montrent, un engagement familial harmonieux est un important facteur de protection contre la maladie.\u00a0<\/i><em>De plus, dans notre entreprise, avec un deuxie\u0300me enfant, vous seriez admissible a\u0300 un poste dote\u0301 de mesures de conciliation travail-famille. Tout ceci contribuerait a\u0300 diminuer vos risques d\u2019arythmie.<\/em> \u00bb<\/p>\n<div style=\"width: 80%; margin-left: auto; margin-right: auto; background-color: lightgrey; padding: 40px;\"><strong>\u00c0 vous de poursuivre !<\/strong><br \/>\nSi Nathan e\u0301tait votre ami et vous demandait conseil :<\/p>\n<ul>\n<li>Que lui dites-vous pour l\u2019aider a\u0300 faire la part des choses devant des probabilite\u0301s et des choix de nature aussi diffe\u0301rente ?<\/li>\n<li>A\u0300 quoi devrait-il re\u0301fle\u0301chir ? Que devrait-il mettre en valeur ? A\u0300 quoi devrait-il renoncer ?<\/li>\n<\/ul>\n<\/div>\n","protected":false},"excerpt":{"rendered":"<p>Le \u00ab rectificateur \u00bb cardiaque est un minuscule implant qui d\u00e9truit les cellules g\u00e9n\u00e9tiquement susceptibles de provoquer une arythmie plus tard. Il transmet des donn\u00e9es \u00e0 un centre o\u00f9 les experts confirment le plan de traitement. Le dispositif est vendu &hellip; <a href=\"https:\/\/infieri.online\/DMUF\/rectificateur-cardiaque\/\">Lire la suite\u00ad\u00ad<\/a><\/p>\n","protected":false},"author":1,"featured_media":0,"parent":0,"menu_order":0,"comment_status":"closed","ping_status":"closed","template":"","meta":{"footnotes":""},"class_list":["post-87","page","type-page","status-publish","hentry"],"_links":{"self":[{"href":"https:\/\/infieri.online\/DMUF\/wp-json\/wp\/v2\/pages\/87","targetHints":{"allow":["GET"]}}],"collection":[{"href":"https:\/\/infieri.online\/DMUF\/wp-json\/wp\/v2\/pages"}],"about":[{"href":"https:\/\/infieri.online\/DMUF\/wp-json\/wp\/v2\/types\/page"}],"author":[{"embeddable":true,"href":"https:\/\/infieri.online\/DMUF\/wp-json\/wp\/v2\/users\/1"}],"replies":[{"embeddable":true,"href":"https:\/\/infieri.online\/DMUF\/wp-json\/wp\/v2\/comments?post=87"}],"version-history":[{"count":19,"href":"https:\/\/infieri.online\/DMUF\/wp-json\/wp\/v2\/pages\/87\/revisions"}],"predecessor-version":[{"id":317,"href":"https:\/\/infieri.online\/DMUF\/wp-json\/wp\/v2\/pages\/87\/revisions\/317"}],"wp:attachment":[{"href":"https:\/\/infieri.online\/DMUF\/wp-json\/wp\/v2\/media?parent=87"}],"curies":[{"name":"wp","href":"https:\/\/api.w.org\/{rel}","templated":true}]}}