{"id":89,"date":"2018-10-18T17:59:08","date_gmt":"2018-10-18T15:59:08","guid":{"rendered":"http:\/\/infieri.online\/DMUF\/?page_id=89"},"modified":"2023-05-12T14:25:08","modified_gmt":"2023-05-12T18:25:08","slug":"robot-dassistance","status":"publish","type":"page","link":"https:\/\/infieri.online\/DMUF\/robot-dassistance\/","title":{"rendered":"Robot d&rsquo;assistance fictif"},"content":{"rendered":"<p><img loading=\"lazy\" decoding=\"async\" class=\" wp-image-122 aligncenter\" src=\"http:\/\/infieri.online\/DMUF\/wp-content\/uploads\/2018\/10\/robot_155px.png\" alt=\"\" width=\"112\" height=\"242\" \/>Ce robot d\u2019assistance personnelle est connect\u00e9 \u00e0 Internet et interagit avec les individus et l\u2019environnement b\u00e2ti (reconnaissance du visage, de la voix et des objets). Le robot est utilis\u00e9 \u00e0 la maison et peut \u00ab apprendre \u00bb de son propri\u00e9taire en posant des questions.<\/p>\n<p>Des logiciels et des composants pour personnaliser les robots sont disponibles en licence libre de droits (<em>open source<\/em>) et une communaut\u00e9 active de d\u00e9veloppeurs y participe.<\/p>\n<h3 style=\"clear: both;\">Pr\u00e9sentation vid\u00e9o<\/h3>\n<p><iframe loading=\"lazy\" src=\"https:\/\/player.vimeo.com\/video\/110940240\" width=\"640\" height=\"360\" frameborder=\"0\" allowfullscreen=\"allowfullscreen\"><\/iframe><\/p>\n<h2>Sc\u00e9nario 2030<\/h2>\n<h3>L\u2019assistance \u00e0 domicile est-elle un droit fondamental ?<\/h3>\n<p><img loading=\"lazy\" decoding=\"async\" class=\"alignleft size-full wp-image-150\" src=\"http:\/\/infieri.online\/DMUF\/wp-content\/uploads\/2018\/10\/assist_personnel.png\" alt=\"\" width=\"100\" height=\"131\" \/>Nous sommes en 2030. La ge\u0301ne\u0301ration des personnes a\u0302ge\u0301es dont nous parlons dans ce sce\u0301nario a re\u0301alise\u0301 tre\u0300s to\u0302t qu\u2019elle vivrait longtemps. Ces personnes ont craint le cancer et la maladie d\u2019Alzheimer et se sont active\u0301es a\u0300 repousser la fatalite\u0301 d\u2019un corps vieillissant. Retraite\u0301es, elles sont reste\u0301es actives intellectuellement et physiquement. Elles n\u2019ont pas eu beaucoup d\u2019enfants et se sont par ailleurs organise\u0301es socialement pour re\u0301pondre a\u0300 leurs besoins et demeurer le plus autonomes possible.<\/p>\n<h3><strong>L\u2019\u00c9tat re\u0301e\u0301value sa politique<\/strong><\/h3>\n<p>Pour l\u2019ensemble des citoyens, des soins infirmiers et des services d\u2019assistance a\u0300 domicile sont dispens\u00e9s, a\u0300 des cou\u0302ts variables, par une importante main-d\u2019\u0153uvre qualifie\u0301e provenant notamment de l\u2019immigration. Jusqu\u2019a\u0300 maintenant, l\u2019E\u0301tat ne remboursait ces services qu\u2019aux personnes juge\u0301es tre\u0300s vulne\u0301rables. Or, ce re\u0300glement est maintenant en re\u0301vision : on envisage en effet e\u0301largir la cliente\u0300le des be\u0301ne\u0301ficiaires. Diffe\u0301rents organismes, dont la Direction de la protection de la vieillesse, ont vite abonde\u0301 dans ce sens :<\/p>\n<p style=\"font-size: 1.2em; text-align: center; font-family: 'Times New Roman', Times, serif; margin: 20px 50px 20px 50px;\"><i>\u00ab Notre mandat est d\u2019assurer la sante\u0301, la se\u0301curite\u0301 et le bien-e\u0302tre des personnes a\u0302ge\u0301es. Nous estimons que be\u0301ne\u0301ficier d\u2019une assistance personnelle a\u0300 domicile, en tout temps, constitue un droit fondamental des ai\u0302ne\u0301s. Conside\u0301rant que les services d\u2019assistance contribuent a\u0300 re\u0301duire l\u2019isolement et favorisent l\u2019e\u0301quilibre et la sante\u0301 des personnes, nous croyons que l\u2019E\u0301tat doit offrir son aide financie\u0300re a\u0300 toutes les personnes a\u0302ge\u0301es qui en font la demande. \u00bb<\/i><\/p>\n<h3><strong>Les robots d\u2019assistance font leur entre\u0301e !<\/strong><\/h3>\n<p>Saisissant l\u2019occasion, diffe\u0301rents groupes ont entrepris de faire connai\u0302tre les avantages des robots d\u2019assistance personnelle. Par exemple, des programmeurs collaborent et partagent gratuitement leurs trouvailles informatiques, selon la de\u0301marche de \u00ab l\u2019innovation libre \u00bb.<\/p>\n<p>Alors que l\u2019industrie du robot d\u2019assistance personnelle est en plein essor, des fabricants recommandent que l\u2019acce\u0300s a\u0300 un robot personnel soit conside\u0301re\u0301 par le gouvernement comme un droit fondamental des ai\u0302ne\u0301s.<\/p>\n<p style=\"font-size: 1.2em; text-align: center; font-family: 'Times New Roman', Times, serif; margin: 20px 50px 20px 50px;\"><i>\u00ab Nos robots effectuent les ta\u0302ches domestiques et aident les personnes a\u0302ge\u0301es dans toutes les activite\u0301s quotidiennes, peu importent l\u2019heure et le jour. Ils fournissent des re\u0301ponses re\u0301confortantes en cas d\u2019inquie\u0301tudes exprime\u0301es par les clients. Ils assurent avec ponctualite\u0301 la continuite\u0301 du suivi avec les pharmacies et les services me\u0301dicaux. Pour toutes ces raisons, ils sont souvent beaucoup plus fiables et endurants que le personnel humain. \u00bb<\/i><\/p>\n<p>Lors d\u2019une confe\u0301rence de presse, le Ministre de la Sante\u0301 a laisse\u0301 entendre que ces deux options \u2014 l\u2019assistance humaine et l\u2019assistance robotique \u2014 allaient e\u0302tre conside\u0301re\u0301es. Il a souhaite\u0301 toutefois qu\u2019un groupe d\u2019experts lui fasse des recommandations de\u0301taille\u0301es, tenant compte a\u0300 la fois des avantages et des inconve\u0301nients pour les personnes a\u0302ge\u0301es, leurs proches et l\u2019ensemble de la socie\u0301te\u0301.<\/p>\n<div style=\"width: 80%; margin-left: auto; margin-right: auto; background-color: lightgrey; padding: 40px;\"><strong>\u00c0 vous de poursuivre !<\/strong><br \/>\nLe groupe d\u2019experts vous invite a\u0300 soumettre votre avis :<\/p>\n<ul>\n<li>L\u2019assistance a\u0300 domicile \u2014 avec ou sans robot \u2014 devrait-elle e\u0302tre offerte par l\u2019E\u0301tat a\u0300 tous les ai\u0302ne\u0301s, qu\u2019ils soient ou non vulne\u0301rables ?<\/li>\n<li>Comment, selon vous, ces deux formes d\u2019assistance affectent-elles l\u2019autonomie des personnes vieillissantes ?<\/li>\n<li>L\u2019assistance a\u0300 domicile est-elle un droit fondamental ?<\/li>\n<\/ul>\n<\/div>\n<h2 style=\"margin-top: 50px;\">Sc\u00e9nario 2040<\/h2>\n<h3>Catherine devra-t-elle renoncer \u00e0 son robot sur mesure ?<\/h3>\n<p><img loading=\"lazy\" decoding=\"async\" class=\"alignleft size-full wp-image-153\" src=\"http:\/\/infieri.online\/DMUF\/wp-content\/uploads\/2018\/10\/robot_jardin.png\" alt=\"\" width=\"100\" height=\"99\" \/>Nous sommes maintenant en 2040. L\u2019E\u0301tat couvre les frais encourus par l\u2019usage des robots d\u2019assistance personnelle pour tous les ai\u0302ne\u0301s souhaitant en be\u0301ne\u0301ficier.<\/p>\n<p>Catherine a aujourd\u2019hui 75 ans et habite une petite ville, pionnie\u0300re dans le de\u0301ploiement d\u2019un service novateur de robots d\u2019assistance personnelle : la municipalite\u0301 est entie\u0300rement adapte\u0301e pour faciliter leur circulation. Les robots se de\u0301placent aise\u0301ment entre les re\u0301sidences prive\u0301es, les lieux publics, les commerces et les e\u0301tablissements de sante\u0301.<\/p>\n<p>Le Maire s\u2019est investi dans ce projet et a obtenu l\u2019appui des autorite\u0301s ainsi que de la majorite\u0301 des commerc\u0327ants et des re\u0301sidents. Apre\u0300s quelques anne\u0301es d\u2019essai, les responsables constatent toutefois que quelques difficulte\u0301s technologiques persistent :<\/p>\n<p style=\"text-align: center;\">\u00ab\u00a0<em>une partie uniquement des robots re\u0301ussit a\u0300 interagir ade\u0301quatement avec les caissiers automatiques des commerces. Certains robots ne peuvent pas non plus communiquer entre eux, causant parfois des incidents dans les files d\u2019attente ! \u00bb<\/em><\/p>\n<p>Puisque l\u2019industrie locale du robot d\u2019assistance s\u2019est de\u0301veloppe\u0301e, le Maire de\u0301sire lancer un concours aupre\u0300s des fabricants de la re\u0301gion en vue de la se\u0301lection d\u2019un manufacturier unique qui pourrait, avec un mode\u0300le standardise\u0301, mieux desservir tous les re\u0301sidents a\u0302ge\u0301s de la ville.<\/p>\n<h3><strong>Vieillir chez soi et s\u2019adapter&#8230; des besoins variables<\/strong><\/h3>\n<p>Catherine, une informaticienne retraite\u0301e, de\u0301veloppe et utilise depuis une douzaine d\u2019anne\u0301es un robot personnel. Le but du groupe de type \u00ab innovation libre \u00bb auquel elle contribue a toujours e\u0301te\u0301 d\u2019accroi\u0302tre la capacite\u0301 des robots a\u0300 re\u0301pondre aux besoins spe\u0301cifiques et changeants d\u2019une personne qui vieillit.<\/p>\n<p>Vigilante et inte\u0301resse\u0301e, Catherine a vu a\u0300 ce que son robot soit particulie\u0300rement bien adapte\u0301 a\u0300 ses exigences et l\u2019a me\u0302me programme\u0301 pour qu\u2019il lui donne un coup de main dans le jardinage, son loisir favori !<\/p>\n<p>Catherine ne souffre d\u2019aucune maladie, mais elle a de\u0301ja\u0300 combattu un cancer a\u0300 deux reprises. Elle remarque en elle de le\u0301ge\u0300res absences, des trous de me\u0301moire et des de\u0301sorientations e\u0301pisodiques. Lors de sa rencontre mensuelle avec une infirmie\u0300re du Centre local de services de sante\u0301, Catherine se fait dire :<\/p>\n<p style=\"font-size: 1.2em; text-align: center; font-family: 'Times New Roman', Times, serif; margin: 20px 50px 20px 50px;\"><i>\u00ab Vous devrez biento\u0302t cesser d\u2019utiliser votre robot personnel. Nous savons que vous y e\u0302tes beaucoup attache\u0301e, mais il n\u2019y aura que le mode\u0300le unique qui sera autorise\u0301 pour continuer a\u0300 vous pre\u0301valoir de notre programme de suivi a\u0300 domicile. Sinon, vous devrez signer un formulaire de\u0301gageant le Centre de sa responsabilite\u0301 a\u0300 assurer le suivi de votre sante\u0301 physique et mentale. J\u2019aimerais beaucoup mieux pouvoir vous suivre de plus pre\u0300s, et cela sera possible avec l\u2019aide d\u2019un robot standardise\u0301 ! Le vo\u0302tre est parfois impre\u0301visible&#8230; \u00bb<\/i><\/p>\n<p>Catherine se demande comment elle peut se soumettre a\u0300 un re\u0300glement qu\u2019elle trouve absurde ! Elle est ne\u0301e et a toujours ve\u0301cu dans cette ville, elle y est tre\u0300s attache\u0301e ainsi qu\u2019a\u0300 sa maison et a\u0300 son jardin. Elle craint de devoir se de\u0301faire de son robot et perdre l\u2019usage des fonctions uniques qu\u2019elle a de\u0301veloppe\u0301es elle-me\u0302me et qui lui conviennent si bien !<\/p>\n<p>D\u2019autant plus qu\u2019elle sait pertinemment qu\u2019un mode\u0300le standard de robot ne pourra jamais bien re\u0301pondre aux besoins des personnes vieillissantes : cela, elle le constate quotidiennement aupre\u0300s de sa communaute\u0301 \u00abinnovation libre\u00bb et de ses voisins.<\/p>\n<div style=\"width: 80%; margin-left: auto; margin-right: auto; background-color: lightgrey; padding: 40px;\"><strong>\u00c0 vous de poursuivre !<\/strong><br \/>\nUne assemble\u0301e publique a lieu ce soir au Conseil de ville afin de recueillir les points de vue sur la proposition du Maire de mieux servir ses concitoyens par un robot standardise\u0301. Vous de\u0301cidez d\u2019y assister pour partager votre position :<\/p>\n<ul>\n<li>Quels seraient les avantages de solliciter un manufacturier unique ?<\/li>\n<li>Comment le Centre de sante\u0301 doit-il prendre en conside\u0301ration la vulne\u0301rabilite\u0301 des personnes comme Catherine ?<\/li>\n<li>A\u0300 quels compromis Catherine et les personnes vivant une situation similaire devraient-elles consentir ?<\/li>\n<\/ul>\n<\/div>\n","protected":false},"excerpt":{"rendered":"<p>Ce robot d\u2019assistance personnelle est connect\u00e9 \u00e0 Internet et interagit avec les individus et l\u2019environnement b\u00e2ti (reconnaissance du visage, de la voix et des objets). Le robot est utilis\u00e9 \u00e0 la maison et peut \u00ab apprendre \u00bb de son propri\u00e9taire &hellip; <a href=\"https:\/\/infieri.online\/DMUF\/robot-dassistance\/\">Lire la suite\u00ad\u00ad<\/a><\/p>\n","protected":false},"author":1,"featured_media":0,"parent":0,"menu_order":0,"comment_status":"closed","ping_status":"closed","template":"","meta":{"footnotes":""},"class_list":["post-89","page","type-page","status-publish","hentry"],"_links":{"self":[{"href":"https:\/\/infieri.online\/DMUF\/wp-json\/wp\/v2\/pages\/89","targetHints":{"allow":["GET"]}}],"collection":[{"href":"https:\/\/infieri.online\/DMUF\/wp-json\/wp\/v2\/pages"}],"about":[{"href":"https:\/\/infieri.online\/DMUF\/wp-json\/wp\/v2\/types\/page"}],"author":[{"embeddable":true,"href":"https:\/\/infieri.online\/DMUF\/wp-json\/wp\/v2\/users\/1"}],"replies":[{"embeddable":true,"href":"https:\/\/infieri.online\/DMUF\/wp-json\/wp\/v2\/comments?post=89"}],"version-history":[{"count":13,"href":"https:\/\/infieri.online\/DMUF\/wp-json\/wp\/v2\/pages\/89\/revisions"}],"predecessor-version":[{"id":319,"href":"https:\/\/infieri.online\/DMUF\/wp-json\/wp\/v2\/pages\/89\/revisions\/319"}],"wp:attachment":[{"href":"https:\/\/infieri.online\/DMUF\/wp-json\/wp\/v2\/media?parent=89"}],"curies":[{"name":"wp","href":"https:\/\/api.w.org\/{rel}","templated":true}]}}