{"id":91,"date":"2018-10-18T18:00:24","date_gmt":"2018-10-18T16:00:24","guid":{"rendered":"http:\/\/infieri.online\/DMUF\/?page_id=91"},"modified":"2023-05-10T20:21:50","modified_gmt":"2023-05-11T00:21:50","slug":"remerciements","status":"publish","type":"page","link":"https:\/\/infieri.online\/DMUF\/remerciements\/","title":{"rendered":"Remerciements"},"content":{"rendered":"<h2><img loading=\"lazy\" decoding=\"async\" class=\"alignleft wp-image-306\" src=\"http:\/\/infieri.online\/DMUF\/wp-content\/uploads\/2023\/05\/AimerRobot-300x245.png\" alt=\"\" width=\"268\" height=\"219\" srcset=\"https:\/\/infieri.online\/DMUF\/wp-content\/uploads\/2023\/05\/AimerRobot-300x245.png 300w, https:\/\/infieri.online\/DMUF\/wp-content\/uploads\/2023\/05\/AimerRobot-1024x837.png 1024w, https:\/\/infieri.online\/DMUF\/wp-content\/uploads\/2023\/05\/AimerRobot-768x628.png 768w, https:\/\/infieri.online\/DMUF\/wp-content\/uploads\/2023\/05\/AimerRobot-1536x1256.png 1536w, https:\/\/infieri.online\/DMUF\/wp-content\/uploads\/2023\/05\/AimerRobot-2048x1674.png 2048w\" sizes=\"auto, (max-width: 268px) 100vw, 268px\" \/><\/h2>\n<h3>Nous remercions chaleureusement :<\/h3>\n<ul>\n<li>Marianne Boenink, car son travail a inspir\u00e9 notre \u00e9tude;<\/li>\n<li>Les participants qui ont g\u00e9n\u00e9reusement contribu\u00e9 \u00e0 nos ateliers et \u00e0 notre forum en ligne;<\/li>\n<li><a href=\"http:\/\/www.martinpm.info\/\">Martin PM<\/a>\u00a0pour nous avoir permis d\u2019utiliser sur ce site des images de son <a href=\"http:\/\/infieri.online\/DMUF\/#rapport\">b\u00e9d\u00e9reportage<\/a>.<\/li>\n<\/ul>\n<p>Nous remercions \u00e9galement les membres de notre comit\u00e9 d\u2019experts : Antoine Boivin, Am\u00e9lie Doussau, Ghislaine Cleret de Langavant, Philippe Laporte, Lucie Nadeau, Nina Ndiaye, Vardit Ravitsky et Michel Venne.<\/p>\n<p>Les co-chercheurs de l\u2019\u00e9tude incluaient Fiona A. Miller (Universit\u00e9 de Toronto), Philippe Gauthier (Universit\u00e9 de Montr\u00e9al), Bryn Williams-Jones (Universit\u00e9 de Montr\u00e9al) et Jennifer R. Fishman (Universit\u00e9 McGill).<\/p>\n<p>Les membres de l\u2019\u00e9quipe de recherche \u2014 Myriam Hivon, Patrick Vachon, Genevi\u00e8ve Daudelin, Dominique Grimard, Loes Knaapen, Olivier-Demers Payette et Jean Gagnon Dor\u00e9 \u2014 ont accompli des t\u00e2ches importantes et partag\u00e9 des commentaires utiles tout au cours de l\u2019\u00e9tude.<\/p>\n<p>S\u00e9bastien Proulx, Jaime Jimenez-Pernett et Imane Cheriet ont contribu\u00e9 aux analyses dans le cadre de leurs \u00e9tudes sup\u00e9rieures.<\/p>\n<p>Patrick Vachon et la troupe de th\u00e9\u00e2tre \u00ab Les veilleurs de nuit \u00bb compos\u00e9e de Jean Leclair, Christophe Repiso, Ruth Pilote, Raynald Lamontagne et Sandra Marchand ont accompli des miracles lors du tournage des vid\u00e9os.<\/p>\n<p>P. Lehoux d\u00e9tenait la Chaire de l\u2019Universit\u00e9 de Montr\u00e9al sur l\u2019innovation responsable en sant\u00e9 pendant cette \u00e9tude (2015-2018).<\/p>\n<p>Cette \u00e9tude a obtenu l\u2019approbation du comit\u00e9 d\u2019\u00e9thique de la recherche en sant\u00e9 de l\u2019Universit\u00e9 de Montr\u00e9al (CERES; #13-028). Elle\u00a0a \u00e9t\u00e9 financ\u00e9e par les Instituts de recherche en sant\u00e9 du Canada (#MOP-119517) et notre groupe de recherche, l\u2019IRSPUM, est soutenu par le Fonds de recherche du Qu\u00e9bec-Sant\u00e9.<\/p>\n<p><a href=\"http:\/\/www.irspum.umontreal.ca\/\" target=\"_blank\" rel=\"noopener\"><img loading=\"lazy\" decoding=\"async\" class=\"alignleft size-full wp-image-161\" src=\"http:\/\/infieri.online\/DMUF\/wp-content\/uploads\/2018\/10\/logo_irpsum.png\" alt=\"\" width=\"200\" height=\"106\" \/><\/a><a href=\"http:\/\/www.cihr-irsc.gc.ca\/\" target=\"_blank\" rel=\"noopener\"><img loading=\"lazy\" decoding=\"async\" class=\"alignleft size-full wp-image-162\" src=\"http:\/\/infieri.online\/DMUF\/wp-content\/uploads\/2018\/10\/leaf-cihr-colour-en.jpg\" alt=\"\" width=\"160\" height=\"103\" srcset=\"https:\/\/infieri.online\/DMUF\/wp-content\/uploads\/2018\/10\/leaf-cihr-colour-en.jpg 370w, https:\/\/infieri.online\/DMUF\/wp-content\/uploads\/2018\/10\/leaf-cihr-colour-en-300x193.jpg 300w\" sizes=\"auto, (max-width: 160px) 100vw, 160px\" \/><\/a><\/p>\n","protected":false},"excerpt":{"rendered":"<p>Nous remercions chaleureusement : Marianne Boenink, car son travail a inspir\u00e9 notre \u00e9tude; Les participants qui ont g\u00e9n\u00e9reusement contribu\u00e9 \u00e0 nos ateliers et \u00e0 notre forum en ligne; Martin PM\u00a0pour nous avoir permis d\u2019utiliser sur ce site des images de &hellip; <a href=\"https:\/\/infieri.online\/DMUF\/remerciements\/\">Lire la suite\u00ad\u00ad<\/a><\/p>\n","protected":false},"author":1,"featured_media":0,"parent":0,"menu_order":0,"comment_status":"closed","ping_status":"closed","template":"","meta":{"footnotes":""},"class_list":["post-91","page","type-page","status-publish","hentry"],"_links":{"self":[{"href":"https:\/\/infieri.online\/DMUF\/wp-json\/wp\/v2\/pages\/91","targetHints":{"allow":["GET"]}}],"collection":[{"href":"https:\/\/infieri.online\/DMUF\/wp-json\/wp\/v2\/pages"}],"about":[{"href":"https:\/\/infieri.online\/DMUF\/wp-json\/wp\/v2\/types\/page"}],"author":[{"embeddable":true,"href":"https:\/\/infieri.online\/DMUF\/wp-json\/wp\/v2\/users\/1"}],"replies":[{"embeddable":true,"href":"https:\/\/infieri.online\/DMUF\/wp-json\/wp\/v2\/comments?post=91"}],"version-history":[{"count":20,"href":"https:\/\/infieri.online\/DMUF\/wp-json\/wp\/v2\/pages\/91\/revisions"}],"predecessor-version":[{"id":310,"href":"https:\/\/infieri.online\/DMUF\/wp-json\/wp\/v2\/pages\/91\/revisions\/310"}],"wp:attachment":[{"href":"https:\/\/infieri.online\/DMUF\/wp-json\/wp\/v2\/media?parent=91"}],"curies":[{"name":"wp","href":"https:\/\/api.w.org\/{rel}","templated":true}]}}