{"id":35,"date":"2016-09-20T09:53:37","date_gmt":"2016-09-20T13:53:37","guid":{"rendered":"http:\/\/infieri.online\/VisRep\/?page_id=35"},"modified":"2018-03-13T16:01:49","modified_gmt":"2018-03-13T20:01:49","slug":"accueil","status":"publish","type":"page","link":"https:\/\/infieri.online\/VisRep\/","title":{"rendered":"Notre \u00e9tude"},"content":{"rendered":"<h3>L\u2019objectif de cette \u00e9tude<\/h3>\n<p>Cette \u00e9tude explore comment les d\u00e9veloppeurs d\u2019innovations situ\u00e9s au Qu\u00e9bec et en Ontario per\u00e7oivent les processus et les produits de l\u2019innovation responsable en sant\u00e9 (IRS).<\/p>\n<h3>Votre contribution<\/h3>\n<p>Nous vous invitons \u00e0 prendre connaissance des <strong>9 innovations<\/strong> pr\u00e9sent\u00e9es sur ce site, divis\u00e9es en 3 cat\u00e9gories :<\/p>\n<div class=\"vis_table\">\n<div class=\"vis_row\">\n<div class=\"vis_cell\"><a href=\"http:\/\/infieri.online\/VisRep\/sante-des-jeunes\/\"><img loading=\"lazy\" decoding=\"async\"  src=\"http:\/\/infieri.online\/VisRep\/wp-content\/uploads\/2018\/03\/visrep_cats_JEUNES.png\" alt=\"visrep_cats_youth\" width=\"187\" height=\"111\" \/><\/a><\/div>\n<div class=\"vis_cell\"><a href=\"http:\/\/infieri.online\/VisRep\/maladies-chroniques\/\"><img loading=\"lazy\" decoding=\"async\" src=\"http:\/\/infieri.online\/VisRep\/wp-content\/uploads\/2018\/03\/visrep_cats_CHRONIQUE.png\" alt=\"visrep_cats_youth\" width=\"187\" height=\"111\" \/><\/a><\/div>\n<div class=\"vis_cell\"><a href=\"http:\/\/infieri.online\/VisRep\/vieillissement\/\"><img loading=\"lazy\" decoding=\"async\" src=\"http:\/\/infieri.online\/VisRep\/wp-content\/uploads\/2018\/03\/visrep_cats_VIEILLIR.png\" alt=\"visrep_cats_youth\" width=\"186\" height=\"111\" \/><\/a><\/div>\n<\/div>\n<\/div>\n<p>Nous estimons que la lecture des 9 innovations devrait prendre une <strong>vingtaine de minutes<\/strong>.<\/p>\n<p>Pendant l\u2019entrevue, vous serez invit\u00e9s \u00e0 <strong>commenter<\/strong> et \u00e0 nous faire part de <strong>vos r\u00e9flexions<\/strong> sur les caract\u00e9ristiques de ces innovations.<\/p>\n<p>Nous vous sugg\u00e9rons de t\u00e9l\u00e9charger et d\u2019imprimer cet <a href=\"http:\/\/infieri.online\/VisRep\/wp-content\/uploads\/2018\/01\/Aide-me\u0301moire_IRS.pdf\" target=\"_blank\" style=\"color:black;\"><strong><u>AIDE-M\u00c9MOIRE<\/u><\/strong><\/a> qui rassemble en un PDF les 9 innovations, incluant une page pour y \u00e9crire quelques notes au besoin.<\/p>\n<p>Selon le format de l\u2019entrevue (en personne, via Skype ou par t\u00e9l\u00e9phone), et selon votre convenance, vous aurez le choix de naviguer le site web et\/ou de vous r\u00e9f\u00e9rer \u00e0 l\u2019aide-m\u00e9moire lors de la discussion avec la professionnelle de recherche.<\/p>\n<h3>Qu\u2019est-ce que l\u2019IRS ?<\/h3>\n<p>L\u2019IRS consiste en une d\u00e9marche collaborative au sein de laquelle les parties prenantes s\u2019engagent \u00e0 clarifier et \u00e0 appliquer un ensemble de principes, de valeurs et d\u2019exigences \u00e9thiques, \u00e9conomiques, sociales et environnementales lorsqu\u2019ils con\u00e7oivent, financent, produisent, distribuent et utilisent des solutions sociotechniques afin de r\u00e9pondre aux d\u00e9fis et besoins des syst\u00e8mes de sant\u00e9 de fa\u00e7on p\u00e9renne.<\/p>\n<p>L\u2019IRS fait r\u00e9f\u00e9rence \u00e0 la technologie ainsi qu\u2019\u00e0 l\u2019organisation qui la d\u00e9veloppe et la met \u00e0 la disposition des utilisateurs. Les principes, valeurs et exigences de l\u2019IRS sont appliqu\u00e9s tout au long du cycle de vie d\u2019une technologie, en faisant la promotion des meilleures pratiques sociales et environnementales.<\/p>\n<p>Dans le domaine de la sant\u00e9, notre \u00e9quipe de recherche a identifi\u00e9 <strong>des dimensions<\/strong> qui affectent le caract\u00e8re responsable d\u2019une innovation. Les voici :<\/p>\n<div class=\"vis_table\" style=\"margin-bottom:0px;\">\n<div class=\"vis_row\">\n<div class=\"vis_cell\"><img loading=\"lazy\" decoding=\"async\" src=\"http:\/\/infieri.online\/VisRep\/wp-content\/uploads\/2016\/09\/5dimFR_pop.png\" alt=\"5dimfr_pop\" width=\"280\" height=\"190\" class=\"alignnone size-full wp-image-315\" \/><\/div>\n<div class=\"vis_cell\"><img loading=\"lazy\" decoding=\"async\" src=\"http:\/\/infieri.online\/VisRep\/wp-content\/uploads\/2018\/03\/5dimFR_Systeme.png\" alt=\"5dimen_system\" width=\"291\" height=\"191\" class=\"alignnone size-full wp-image-316\" \/><\/div>\n<div class=\"vis_cell\"><img loading=\"lazy\" decoding=\"async\" src=\"http:\/\/infieri.online\/VisRep\/wp-content\/uploads\/2018\/03\/5dimFR_econo_center.png\" alt=\"5dimfr_econo\" width=\"283\" height=\"192\" class=\"alignnone size-full wp-image-317\" \/><\/div>\n<\/div>\n<\/div>\n<div class=\"vis_table_70\" style=\"margin-top:0px;\">\n<div class=\"vis_row\">\n<div class=\"vis_cell\"><img loading=\"lazy\" decoding=\"async\" src=\"http:\/\/infieri.online\/VisRep\/wp-content\/uploads\/2016\/09\/5dimFR_entreprise.png\" alt=\"5dimfr_entreprise\" width=\"284\" height=\"177\" class=\"alignnone size-full wp-image-318\" \/><\/div>\n<div class=\"vis_cell\"><img loading=\"lazy\" decoding=\"async\" src=\"http:\/\/infieri.online\/VisRep\/wp-content\/uploads\/2016\/09\/5dimFR_enviro.png\" alt=\"5dimfr_enviro\" width=\"301\" height=\"190\" class=\"alignnone size-full wp-image-319\" srcset=\"https:\/\/infieri.online\/VisRep\/wp-content\/uploads\/2016\/09\/5dimFR_enviro.png 301w, https:\/\/infieri.online\/VisRep\/wp-content\/uploads\/2016\/09\/5dimFR_enviro-300x189.png 300w\" sizes=\"auto, (max-width: 301px) 100vw, 301px\" \/><\/div>\n<\/div>\n<\/div>\n<p>Lors de l\u2019entrevue, nous allons d\u00e9crire ces dimensions et expliquer comment elles ont guid\u00e9 notre s\u00e9lection d\u2019innovations r\u00e9pertori\u00e9es sur ce site. Vous serez invit\u00e9 \u00e0 partager vos r\u00e9flexions sur l\u2019importance de celles-ci pour d\u00e9crire le caract\u00e8re responsable d\u2019une innovation.<\/p>\n<p>&nbsp;<\/p>\n","protected":false},"excerpt":{"rendered":"<p>L\u2019objectif de cette \u00e9tude Cette \u00e9tude explore comment les d\u00e9veloppeurs d\u2019innovations situ\u00e9s au Qu\u00e9bec et en Ontario per\u00e7oivent les processus et les produits de l\u2019innovation responsable en sant\u00e9 (IRS). Votre contribution Nous vous invitons \u00e0 prendre connaissance des 9 innovations pr\u00e9sent\u00e9es sur ce site, divis\u00e9es en 3 cat\u00e9gories : Nous estimons que la lecture des<a href=\"https:\/\/infieri.online\/VisRep\/\">[&#8230;]<\/a><\/p>\n","protected":false},"author":1,"featured_media":0,"parent":0,"menu_order":0,"comment_status":"closed","ping_status":"closed","template":"template-fullwidth.php","meta":{"footnotes":""},"class_list":["post-35","page","type-page","status-publish","hentry"],"_links":{"self":[{"href":"https:\/\/infieri.online\/VisRep\/wp-json\/wp\/v2\/pages\/35","targetHints":{"allow":["GET"]}}],"collection":[{"href":"https:\/\/infieri.online\/VisRep\/wp-json\/wp\/v2\/pages"}],"about":[{"href":"https:\/\/infieri.online\/VisRep\/wp-json\/wp\/v2\/types\/page"}],"author":[{"embeddable":true,"href":"https:\/\/infieri.online\/VisRep\/wp-json\/wp\/v2\/users\/1"}],"replies":[{"embeddable":true,"href":"https:\/\/infieri.online\/VisRep\/wp-json\/wp\/v2\/comments?post=35"}],"version-history":[{"count":33,"href":"https:\/\/infieri.online\/VisRep\/wp-json\/wp\/v2\/pages\/35\/revisions"}],"predecessor-version":[{"id":339,"href":"https:\/\/infieri.online\/VisRep\/wp-json\/wp\/v2\/pages\/35\/revisions\/339"}],"wp:attachment":[{"href":"https:\/\/infieri.online\/VisRep\/wp-json\/wp\/v2\/media?parent=35"}],"curies":[{"name":"wp","href":"https:\/\/api.w.org\/{rel}","templated":true}]}}